{"id":1061,"date":"2024-10-21T14:46:52","date_gmt":"2024-10-21T12:46:52","guid":{"rendered":"https:\/\/www.farmaciaimp.com\/?page_id=1061"},"modified":"2025-05-21T15:35:22","modified_gmt":"2025-05-21T13:35:22","slug":"declaracio-daccessibilitat","status":"publish","type":"page","link":"https:\/\/www.farmaciaimp.com\/es\/declaracio-daccessibilitat\/","title":{"rendered":"Declaraci\u00f3n de Accesibilidad"},"content":{"rendered":"<h3>Compromiso con la Accesibilidad<\/h3>\n<p style=\"text-align: justify;\">En Farmacia IMP, estamos comprometidos a que nuestro sitio web sea accesible para todos los usuarios, independientemente de la capacidad o la tecnolog\u00eda. Nuestra declaraci\u00f3n de accesibilidad refleja nuestro compromiso de proporcionar un sitio web que sea accesible y utilizable para el mayor n\u00famero posible de personas.<\/p>\n<h3>Est\u00e1ndares de accesibilidad<\/h3>\n<p style=\"text-align: justify;\">Nuestro objetivo es cumplir con las pautas de accesibilidad para el contenido web (WCAG) 2.1, Nivel AA, que establecen recomendaciones para realizar el contenido web m\u00e1s accesible. Siguiendo estas directrices, nos esforzamos por crear un sitio web que sea accesible para personas con diversas discapacidades y por proporcionar una experiencia de usuario positiva para todos.<\/p>\n<h3>Medidas de Accesibilidad<\/h3>\n<p>Algunas de las medidas que hemos implementado en <a href=\"https:\/\/www.farmaciaimp.com\/es\/\">https:\/\/farmaciaimp.com<\/a> incluyen:<\/p>\n<ul>\n<li style=\"text-align: justify;\">Uso de texto alternativo para im\u00e1genes para asegurar que las personas que no pueden ver las im\u00e1genes puedan recibir la misma informaci\u00f3n.<\/li>\n<li style=\"text-align: justify;\">Asegurar que la informaci\u00f3n esencial no dependa \u00fanicamente del color.<\/li>\n<li style=\"text-align: justify;\">Utilizar etiquetas e instrucciones claras para mejorar la navegaci\u00f3n y comprensi\u00f3n del sitio web.<\/li>\n<li style=\"text-align: justify;\">Implementar una estructura de sitio web clara y consistente.<\/li>\n<\/ul>\n<h3>Feedback y Contacto<\/h3>\n<p style=\"text-align: justify;\">Valoramos sus comentarios sobre la accesibilidad de https:\/\/farmaciaimp.com. Si encuentras alguna p\u00e1gina o funci\u00f3n del sitio web que no sea completamente accesible, por favor cont\u00e1ctanos. Puedes enviarnos tus comentarios o solicitudes de asistencia a:<\/p>\n<ul>\n<li>Email: info@farmaciaimp.com<\/li>\n<li>Tel\u00e9fono: +34 616 543 620<\/li>\n<li>Direcci\u00f3n: Carrer Hospital, 48. Torroella de Montgr\u00ed<\/li>\n<\/ul>\n<p>Haremos todo lo posible por responder a tus preocupaciones y mejorar continuamente nuestra accesibilidad.<\/p>\n<h3>Actualizaciones y Revisiones<\/h3>\n<p>Esta declaraci\u00f3n de accesibilidad ser\u00e1 revisada y actualizada peri\u00f3dicamente para reflejar los cambios y mejoras en nuestro sitio web, as\u00ed como para asegurar el cumplimiento de las normativas vigentes.<\/p>","protected":false},"excerpt":{"rendered":"<p>Comprom\u00eds amb l&#8217;Accessibilitat A Farmacia IMP, estem compromesos a fer que el nostre lloc web sigui accessible per a tots els usuaris, independentment de la capacitat o la tecnologia. La nostra declaraci\u00f3 d&#8217;accessibilitat reflecteix el nostre comprom\u00eds de proporcionar un lloc web que sigui accessible i utilitzable per al m\u00e0xim nombre possible de persones. Est\u00e0ndards<br \/><a class=\"moretag\" href=\"https:\/\/www.farmaciaimp.com\/es\/declaracio-daccessibilitat\/\">+ Read More<\/a><\/p>","protected":false},"author":1,"featured_media":0,"parent":0,"menu_order":0,"comment_status":"closed","ping_status":"closed","template":"templates\/page-fullwidth_template.php","meta":{"footnotes":""},"class_list":["post-1061","page","type-page","status-publish","hentry"],"_links":{"self":[{"href":"https:\/\/www.farmaciaimp.com\/es\/wp-json\/wp\/v2\/pages\/1061","targetHints":{"allow":["GET"]}}],"collection":[{"href":"https:\/\/www.farmaciaimp.com\/es\/wp-json\/wp\/v2\/pages"}],"about":[{"href":"https:\/\/www.farmaciaimp.com\/es\/wp-json\/wp\/v2\/types\/page"}],"author":[{"embeddable":true,"href":"https:\/\/www.farmaciaimp.com\/es\/wp-json\/wp\/v2\/users\/1"}],"replies":[{"embeddable":true,"href":"https:\/\/www.farmaciaimp.com\/es\/wp-json\/wp\/v2\/comments?post=1061"}],"version-history":[{"count":0,"href":"https:\/\/www.farmaciaimp.com\/es\/wp-json\/wp\/v2\/pages\/1061\/revisions"}],"wp:attachment":[{"href":"https:\/\/www.farmaciaimp.com\/es\/wp-json\/wp\/v2\/media?parent=1061"}],"curies":[{"name":"wp","href":"https:\/\/api.w.org\/{rel}","templated":true}]}}