{"id":418,"date":"2024-10-09T19:49:07","date_gmt":"2024-10-09T17:49:07","guid":{"rendered":"https:\/\/www.farmaciaimp.com\/?page_id=418"},"modified":"2024-10-21T21:38:38","modified_gmt":"2024-10-21T19:38:38","slug":"equip","status":"publish","type":"page","link":"https:\/\/www.farmaciaimp.com\/es\/equip\/","title":{"rendered":"Equipo"},"content":{"rendered":"<div data-elementor-type=\"wp-page\" data-elementor-id=\"418\" class=\"elementor elementor-418\" data-elementor-post-type=\"page\">\n\t\t\t\t<div class=\"elementor-element elementor-element-d28995d e-con-full e-flex e-con e-parent\" data-id=\"d28995d\" data-element_type=\"container\" data-e-type=\"container\">\n\t\t\t\t<div class=\"elementor-element elementor-element-dd639d3 elementor-widget elementor-widget-heading\" data-id=\"dd639d3\" data-element_type=\"widget\" data-e-type=\"widget\" data-widget_type=\"heading.default\">\n\t\t\t\t<div class=\"elementor-widget-container\">\n\t\t\t\t\t<h2 class=\"elementor-heading-title elementor-size-default\">Farmacia IMP\u2026 \u00a1un gran equipo a tu servicio! <\/h2>\t\t\t\t<\/div>\n\t\t\t\t<\/div>\n\t\t\t\t<div class=\"elementor-element elementor-element-8df5f32 elementor-widget elementor-widget-image\" data-id=\"8df5f32\" data-element_type=\"widget\" data-e-type=\"widget\" data-widget_type=\"image.default\">\n\t\t\t\t<div class=\"elementor-widget-container\">\n\t\t\t\t\t\t\t\t\t\t\t\t\t\t\t<img fetchpriority=\"high\" decoding=\"async\" width=\"1400\" height=\"563\" src=\"https:\/\/www.farmaciaimp.com\/wp-content\/uploads\/2024\/10\/Farmacia-IMP-Torroella-de-Montgri-Equip-Foto-grup.jpg\" class=\"attachment-full size-full wp-image-1110\" alt=\"Farmacia IMP - Torroella de Montgr\u00ed - Equipo\" srcset=\"https:\/\/www.farmaciaimp.com\/wp-content\/uploads\/2024\/10\/Farmacia-IMP-Torroella-de-Montgri-Equip-Foto-grup.jpg 1400w, https:\/\/www.farmaciaimp.com\/wp-content\/uploads\/2024\/10\/Farmacia-IMP-Torroella-de-Montgri-Equip-Foto-grup-300x121.jpg 300w, https:\/\/www.farmaciaimp.com\/wp-content\/uploads\/2024\/10\/Farmacia-IMP-Torroella-de-Montgri-Equip-Foto-grup-1024x412.jpg 1024w, https:\/\/www.farmaciaimp.com\/wp-content\/uploads\/2024\/10\/Farmacia-IMP-Torroella-de-Montgri-Equip-Foto-grup-768x309.jpg 768w, https:\/\/www.farmaciaimp.com\/wp-content\/uploads\/2024\/10\/Farmacia-IMP-Torroella-de-Montgri-Equip-Foto-grup-18x7.jpg 18w\" sizes=\"(max-width: 1400px) 100vw, 1400px\" \/>\t\t\t\t\t\t\t\t\t\t\t\t\t\t\t<\/div>\n\t\t\t\t<\/div>\n\t\t\t\t<div class=\"elementor-element elementor-element-3cf7562 elementor-widget elementor-widget-heading\" data-id=\"3cf7562\" data-element_type=\"widget\" data-e-type=\"widget\" data-widget_type=\"heading.default\">\n\t\t\t\t<div class=\"elementor-widget-container\">\n\t\t\t\t\t<h2 class=\"elementor-heading-title elementor-size-default\">Nos presentamos:<\/h2>\t\t\t\t<\/div>\n\t\t\t\t<\/div>\n\t\t\t\t<div class=\"elementor-element elementor-element-77ba18d elementor-widget elementor-widget-gallery\" data-id=\"77ba18d\" data-element_type=\"widget\" data-e-type=\"widget\" data-settings=\"{&quot;gap_tablet&quot;:{&quot;unit&quot;:&quot;px&quot;,&quot;size&quot;:4,&quot;sizes&quot;:[]},&quot;gap_mobile&quot;:{&quot;unit&quot;:&quot;px&quot;,&quot;size&quot;:4,&quot;sizes&quot;:[]},&quot;overlay_title&quot;:&quot;caption&quot;,&quot;gallery_layout&quot;:&quot;masonry&quot;,&quot;gap&quot;:{&quot;unit&quot;:&quot;px&quot;,&quot;size&quot;:6,&quot;sizes&quot;:[]},&quot;columns&quot;:4,&quot;columns_tablet&quot;:2,&quot;columns_mobile&quot;:1,&quot;link_to&quot;:&quot;file&quot;,&quot;overlay_background&quot;:&quot;yes&quot;,&quot;content_hover_animation&quot;:&quot;fade-in&quot;}\" data-widget_type=\"gallery.default\">\n\t\t\t\t<div class=\"elementor-widget-container\">\n\t\t\t\t\t\t\t<div class=\"elementor-gallery__container\">\n\t\t\t\t\t\t\t<a class=\"e-gallery-item elementor-gallery-item elementor-animated-content\" href=\"https:\/\/www.farmaciaimp.com\/wp-content\/uploads\/2024\/10\/Farmacia-IMP-Torroella-de-Montgri-Equip-Sheila-Barrero.jpg\" data-elementor-open-lightbox=\"yes\" data-elementor-lightbox-slideshow=\"77ba18d\" data-elementor-lightbox-title=\"Farm\u00e0cia IMP - Torroella de Montgr\u00ed - Equip - Sheila Barrero\" data-e-action-hash=\"#elementor-action%3Aaction%3Dlightbox%26settings%3DeyJpZCI6OTgwLCJ1cmwiOiJodHRwczpcL1wvd3d3LmZhcm1hY2lhaW1wLmNvbVwvd3AtY29udGVudFwvdXBsb2Fkc1wvMjAyNFwvMTBcL0Zhcm1hY2lhLUlNUC1Ub3Jyb2VsbGEtZGUtTW9udGdyaS1FcXVpcC1TaGVpbGEtQmFycmVyby5qcGciLCJzbGlkZXNob3ciOiI3N2JhMThkIn0%3D\">\n\t\t\t\t\t<div class=\"e-gallery-image elementor-gallery-item__image\" data-thumbnail=\"https:\/\/www.farmaciaimp.com\/wp-content\/uploads\/2024\/10\/Farmacia-IMP-Torroella-de-Montgri-Equip-Sheila-Barrero.jpg\" data-width=\"500\" data-height=\"650\" aria-label=\"\" role=\"img\" ><\/div>\n\t\t\t\t\t\t\t\t\t\t\t<div class=\"elementor-gallery-item__overlay\"><\/div>\n\t\t\t\t\t\t\t\t\t\t\t\t\t\t\t<div class=\"elementor-gallery-item__content\">\n\t\t\t\t\t\t\t\t\t\t\t\t\t\t<div class=\"elementor-gallery-item__title\">\n\t\t\t\t\t\t\t\t\t\t\t\t\t\t\t\t\t\tSheila Barrero\t\t\t\t\t\t\t\t<\/div>\n\t\t\t\t\t\t\t\t\t\t\t\t<\/div>\n\t\t\t\t\t\t\t\t\t<\/a>\n\t\t\t\t\t\t\t<a class=\"e-gallery-item elementor-gallery-item elementor-animated-content\" href=\"https:\/\/www.farmaciaimp.com\/wp-content\/uploads\/2024\/10\/Farmacia-IMP-Torroella-de-Montgri-Equip-Irene-Munoz.jpg\" data-elementor-open-lightbox=\"yes\" data-elementor-lightbox-slideshow=\"77ba18d\" data-elementor-lightbox-title=\"Farm\u00e0cia IMP - Torroella de Montgr\u00ed - Equip - Irene Mu\u00f1oz\" data-e-action-hash=\"#elementor-action%3Aaction%3Dlightbox%26settings%3DeyJpZCI6OTc5LCJ1cmwiOiJodHRwczpcL1wvd3d3LmZhcm1hY2lhaW1wLmNvbVwvd3AtY29udGVudFwvdXBsb2Fkc1wvMjAyNFwvMTBcL0Zhcm1hY2lhLUlNUC1Ub3Jyb2VsbGEtZGUtTW9udGdyaS1FcXVpcC1JcmVuZS1NdW5vei5qcGciLCJzbGlkZXNob3ciOiI3N2JhMThkIn0%3D\">\n\t\t\t\t\t<div class=\"e-gallery-image elementor-gallery-item__image\" data-thumbnail=\"https:\/\/www.farmaciaimp.com\/wp-content\/uploads\/2024\/10\/Farmacia-IMP-Torroella-de-Montgri-Equip-Irene-Munoz.jpg\" data-width=\"500\" data-height=\"650\" aria-label=\"\" role=\"img\" ><\/div>\n\t\t\t\t\t\t\t\t\t\t\t<div class=\"elementor-gallery-item__overlay\"><\/div>\n\t\t\t\t\t\t\t\t\t\t\t\t\t\t\t<div class=\"elementor-gallery-item__content\">\n\t\t\t\t\t\t\t\t\t\t\t\t\t\t<div class=\"elementor-gallery-item__title\">\n\t\t\t\t\t\t\t\t\t\t\t\t\t\t\t\t\t\tIrene Mu\u00f1oz\t\t\t\t\t\t\t\t<\/div>\n\t\t\t\t\t\t\t\t\t\t\t\t<\/div>\n\t\t\t\t\t\t\t\t\t<\/a>\n\t\t\t\t\t\t\t<a class=\"e-gallery-item elementor-gallery-item elementor-animated-content\" href=\"https:\/\/www.farmaciaimp.com\/wp-content\/uploads\/2024\/10\/Farmacia-IMP-Torroella-de-Montgri-Equip-Silvia-Ribas.jpg\" data-elementor-open-lightbox=\"yes\" data-elementor-lightbox-slideshow=\"77ba18d\" data-elementor-lightbox-title=\"Farm\u00e0cia IMP - Torroella de Montgr\u00ed - Equip - Silvia Ribas\" data-e-action-hash=\"#elementor-action%3Aaction%3Dlightbox%26settings%3DeyJpZCI6OTgxLCJ1cmwiOiJodHRwczpcL1wvd3d3LmZhcm1hY2lhaW1wLmNvbVwvd3AtY29udGVudFwvdXBsb2Fkc1wvMjAyNFwvMTBcL0Zhcm1hY2lhLUlNUC1Ub3Jyb2VsbGEtZGUtTW9udGdyaS1FcXVpcC1TaWx2aWEtUmliYXMuanBnIiwic2xpZGVzaG93IjoiNzdiYTE4ZCJ9\">\n\t\t\t\t\t<div class=\"e-gallery-image elementor-gallery-item__image\" data-thumbnail=\"https:\/\/www.farmaciaimp.com\/wp-content\/uploads\/2024\/10\/Farmacia-IMP-Torroella-de-Montgri-Equip-Silvia-Ribas.jpg\" data-width=\"500\" data-height=\"650\" aria-label=\"\" role=\"img\" ><\/div>\n\t\t\t\t\t\t\t\t\t\t\t<div class=\"elementor-gallery-item__overlay\"><\/div>\n\t\t\t\t\t\t\t\t\t\t\t\t\t\t\t<div class=\"elementor-gallery-item__content\">\n\t\t\t\t\t\t\t\t\t\t\t\t\t\t<div class=\"elementor-gallery-item__title\">\n\t\t\t\t\t\t\t\t\t\t\t\t\t\t\t\t\t\tSilvia Ribas\t\t\t\t\t\t\t\t<\/div>\n\t\t\t\t\t\t\t\t\t\t\t\t<\/div>\n\t\t\t\t\t\t\t\t\t<\/a>\n\t\t\t\t\t\t\t<a class=\"e-gallery-item elementor-gallery-item elementor-animated-content\" href=\"https:\/\/www.farmaciaimp.com\/wp-content\/uploads\/2024\/10\/Farmacia-IMP-Torroella-de-Montgri-Equip-Gemma-Sala.jpg\" data-elementor-open-lightbox=\"yes\" data-elementor-lightbox-slideshow=\"77ba18d\" data-elementor-lightbox-title=\"Farm\u00e0cia IMP - Torroella de Montgr\u00ed - Equip - Gemma Sala\" data-e-action-hash=\"#elementor-action%3Aaction%3Dlightbox%26settings%3DeyJpZCI6OTc4LCJ1cmwiOiJodHRwczpcL1wvd3d3LmZhcm1hY2lhaW1wLmNvbVwvd3AtY29udGVudFwvdXBsb2Fkc1wvMjAyNFwvMTBcL0Zhcm1hY2lhLUlNUC1Ub3Jyb2VsbGEtZGUtTW9udGdyaS1FcXVpcC1HZW1tYS1TYWxhLmpwZyIsInNsaWRlc2hvdyI6Ijc3YmExOGQifQ%3D%3D\">\n\t\t\t\t\t<div class=\"e-gallery-image elementor-gallery-item__image\" data-thumbnail=\"https:\/\/www.farmaciaimp.com\/wp-content\/uploads\/2024\/10\/Farmacia-IMP-Torroella-de-Montgri-Equip-Gemma-Sala.jpg\" data-width=\"500\" data-height=\"650\" aria-label=\"\" role=\"img\" ><\/div>\n\t\t\t\t\t\t\t\t\t\t\t<div class=\"elementor-gallery-item__overlay\"><\/div>\n\t\t\t\t\t\t\t\t\t\t\t\t\t\t\t<div class=\"elementor-gallery-item__content\">\n\t\t\t\t\t\t\t\t\t\t\t\t\t\t<div class=\"elementor-gallery-item__title\">\n\t\t\t\t\t\t\t\t\t\t\t\t\t\t\t\t\t\tGemma Sala\t\t\t\t\t\t\t\t<\/div>\n\t\t\t\t\t\t\t\t\t\t\t\t<\/div>\n\t\t\t\t\t\t\t\t\t<\/a>\n\t\t\t\t\t<\/div>\n\t\t\t\t\t<\/div>\n\t\t\t\t<\/div>\n\t\t\t\t<div class=\"elementor-element elementor-element-4202a24 elementor-widget elementor-widget-gallery\" data-id=\"4202a24\" data-element_type=\"widget\" data-e-type=\"widget\" data-settings=\"{&quot;columns&quot;:2,&quot;gap&quot;:{&quot;unit&quot;:&quot;px&quot;,&quot;size&quot;:6,&quot;sizes&quot;:[]},&quot;aspect_ratio&quot;:&quot;16:9&quot;,&quot;gallery_layout&quot;:&quot;grid&quot;,&quot;columns_tablet&quot;:2,&quot;columns_mobile&quot;:1,&quot;gap_tablet&quot;:{&quot;unit&quot;:&quot;px&quot;,&quot;size&quot;:10,&quot;sizes&quot;:[]},&quot;gap_mobile&quot;:{&quot;unit&quot;:&quot;px&quot;,&quot;size&quot;:10,&quot;sizes&quot;:[]},&quot;link_to&quot;:&quot;file&quot;,&quot;overlay_background&quot;:&quot;yes&quot;,&quot;content_hover_animation&quot;:&quot;fade-in&quot;}\" data-widget_type=\"gallery.default\">\n\t\t\t\t<div class=\"elementor-widget-container\">\n\t\t\t\t\t\t\t<div class=\"elementor-gallery__container\">\n\t\t\t\t\t\t\t<a class=\"e-gallery-item elementor-gallery-item elementor-animated-content\" href=\"https:\/\/www.farmaciaimp.com\/wp-content\/uploads\/2024\/10\/Farmacia-IMP-Torroella-de-Montgri-Equip-5.jpg\" data-elementor-open-lightbox=\"yes\" data-elementor-lightbox-slideshow=\"4202a24\" data-elementor-lightbox-title=\"Farm\u00e0cia IMP - Torroella de Montgr\u00ed - Equip\" data-e-action-hash=\"#elementor-action%3Aaction%3Dlightbox%26settings%3DeyJpZCI6MTA5NSwidXJsIjoiaHR0cHM6XC9cL3d3dy5mYXJtYWNpYWltcC5jb21cL3dwLWNvbnRlbnRcL3VwbG9hZHNcLzIwMjRcLzEwXC9GYXJtYWNpYS1JTVAtVG9ycm9lbGxhLWRlLU1vbnRncmktRXF1aXAtNS5qcGciLCJzbGlkZXNob3ciOiI0MjAyYTI0In0%3D\">\n\t\t\t\t\t<div class=\"e-gallery-image elementor-gallery-item__image\" data-thumbnail=\"https:\/\/www.farmaciaimp.com\/wp-content\/uploads\/2024\/10\/Farmacia-IMP-Torroella-de-Montgri-Equip-5.jpg\" data-width=\"900\" data-height=\"543\" aria-label=\"Farmacia IMP - Torroella de Montgr\u00ed - Equipo\" role=\"img\" ><\/div>\n\t\t\t\t\t\t\t\t\t\t\t<div class=\"elementor-gallery-item__overlay\"><\/div>\n\t\t\t\t\t\t\t\t\t\t\t\t\t\t<\/a>\n\t\t\t\t\t\t\t<a class=\"e-gallery-item elementor-gallery-item elementor-animated-content\" href=\"https:\/\/www.farmaciaimp.com\/wp-content\/uploads\/2024\/10\/Farmacia-IMP-Torroella-de-Montgri-Equip-2.jpg\" data-elementor-open-lightbox=\"yes\" data-elementor-lightbox-slideshow=\"4202a24\" data-elementor-lightbox-title=\"Farm\u00e0cia IMP - Torroella de Montgr\u00ed - Equip\" data-e-action-hash=\"#elementor-action%3Aaction%3Dlightbox%26settings%3DeyJpZCI6MTA5MiwidXJsIjoiaHR0cHM6XC9cL3d3dy5mYXJtYWNpYWltcC5jb21cL3dwLWNvbnRlbnRcL3VwbG9hZHNcLzIwMjRcLzEwXC9GYXJtYWNpYS1JTVAtVG9ycm9lbGxhLWRlLU1vbnRncmktRXF1aXAtMi5qcGciLCJzbGlkZXNob3ciOiI0MjAyYTI0In0%3D\">\n\t\t\t\t\t<div class=\"e-gallery-image elementor-gallery-item__image\" data-thumbnail=\"https:\/\/www.farmaciaimp.com\/wp-content\/uploads\/2024\/10\/Farmacia-IMP-Torroella-de-Montgri-Equip-2.jpg\" data-width=\"900\" data-height=\"520\" aria-label=\"Farmacia IMP - Torroella de Montgr\u00ed - Equipo\" role=\"img\" ><\/div>\n\t\t\t\t\t\t\t\t\t\t\t<div class=\"elementor-gallery-item__overlay\"><\/div>\n\t\t\t\t\t\t\t\t\t\t\t\t\t\t<\/a>\n\t\t\t\t\t\t\t<a class=\"e-gallery-item elementor-gallery-item elementor-animated-content\" href=\"https:\/\/www.farmaciaimp.com\/wp-content\/uploads\/2024\/10\/Farmacia-IMP-Torroella-de-Montgri-Equip-3.jpg\" data-elementor-open-lightbox=\"yes\" data-elementor-lightbox-slideshow=\"4202a24\" data-elementor-lightbox-title=\"Farm\u00e0cia IMP - Torroella de Montgr\u00ed - Equip\" data-e-action-hash=\"#elementor-action%3Aaction%3Dlightbox%26settings%3DeyJpZCI6MTA5MywidXJsIjoiaHR0cHM6XC9cL3d3dy5mYXJtYWNpYWltcC5jb21cL3dwLWNvbnRlbnRcL3VwbG9hZHNcLzIwMjRcLzEwXC9GYXJtYWNpYS1JTVAtVG9ycm9lbGxhLWRlLU1vbnRncmktRXF1aXAtMy5qcGciLCJzbGlkZXNob3ciOiI0MjAyYTI0In0%3D\">\n\t\t\t\t\t<div class=\"e-gallery-image elementor-gallery-item__image\" data-thumbnail=\"https:\/\/www.farmaciaimp.com\/wp-content\/uploads\/2024\/10\/Farmacia-IMP-Torroella-de-Montgri-Equip-3.jpg\" data-width=\"900\" data-height=\"520\" aria-label=\"Farmacia IMP - Torroella de Montgr\u00ed - Equipo\" role=\"img\" ><\/div>\n\t\t\t\t\t\t\t\t\t\t\t<div class=\"elementor-gallery-item__overlay\"><\/div>\n\t\t\t\t\t\t\t\t\t\t\t\t\t\t<\/a>\n\t\t\t\t\t\t\t<a class=\"e-gallery-item elementor-gallery-item elementor-animated-content\" href=\"https:\/\/www.farmaciaimp.com\/wp-content\/uploads\/2024\/10\/Farmacia-IMP-Torroella-de-Montgri-Equip-4.jpg\" data-elementor-open-lightbox=\"yes\" data-elementor-lightbox-slideshow=\"4202a24\" data-elementor-lightbox-title=\"Farm\u00e0cia IMP - Torroella de Montgr\u00ed - Equip\" data-e-action-hash=\"#elementor-action%3Aaction%3Dlightbox%26settings%3DeyJpZCI6MTA5NCwidXJsIjoiaHR0cHM6XC9cL3d3dy5mYXJtYWNpYWltcC5jb21cL3dwLWNvbnRlbnRcL3VwbG9hZHNcLzIwMjRcLzEwXC9GYXJtYWNpYS1JTVAtVG9ycm9lbGxhLWRlLU1vbnRncmktRXF1aXAtNC5qcGciLCJzbGlkZXNob3ciOiI0MjAyYTI0In0%3D\">\n\t\t\t\t\t<div class=\"e-gallery-image elementor-gallery-item__image\" data-thumbnail=\"https:\/\/www.farmaciaimp.com\/wp-content\/uploads\/2024\/10\/Farmacia-IMP-Torroella-de-Montgri-Equip-4.jpg\" data-width=\"900\" data-height=\"595\" aria-label=\"Farmacia IMP - Torroella de Montgr\u00ed - Equipo\" role=\"img\" ><\/div>\n\t\t\t\t\t\t\t\t\t\t\t<div class=\"elementor-gallery-item__overlay\"><\/div>\n\t\t\t\t\t\t\t\t\t\t\t\t\t\t<\/a>\n\t\t\t\t\t<\/div>\n\t\t\t\t\t<\/div>\n\t\t\t\t<\/div>\n\t\t\t\t<\/div>\n\t\t\t\t<\/div>","protected":false},"excerpt":{"rendered":"<p>Farm\u00e0cia IMP\u2026 un gran equip al teu servei! Ens presentem: Sheila Barrero Irene Mu\u00f1oz Silvia Ribas Gemma Sala<\/p>","protected":false},"author":1,"featured_media":0,"parent":0,"menu_order":0,"comment_status":"closed","ping_status":"closed","template":"templates\/page-fullwidth_template.php","meta":{"footnotes":""},"class_list":["post-418","page","type-page","status-publish","hentry"],"_links":{"self":[{"href":"https:\/\/www.farmaciaimp.com\/es\/wp-json\/wp\/v2\/pages\/418","targetHints":{"allow":["GET"]}}],"collection":[{"href":"https:\/\/www.farmaciaimp.com\/es\/wp-json\/wp\/v2\/pages"}],"about":[{"href":"https:\/\/www.farmaciaimp.com\/es\/wp-json\/wp\/v2\/types\/page"}],"author":[{"embeddable":true,"href":"https:\/\/www.farmaciaimp.com\/es\/wp-json\/wp\/v2\/users\/1"}],"replies":[{"embeddable":true,"href":"https:\/\/www.farmaciaimp.com\/es\/wp-json\/wp\/v2\/comments?post=418"}],"version-history":[{"count":0,"href":"https:\/\/www.farmaciaimp.com\/es\/wp-json\/wp\/v2\/pages\/418\/revisions"}],"wp:attachment":[{"href":"https:\/\/www.farmaciaimp.com\/es\/wp-json\/wp\/v2\/media?parent=418"}],"curies":[{"name":"wp","href":"https:\/\/api.w.org\/{rel}","templated":true}]}}