{"id":429,"date":"2024-10-09T19:53:26","date_gmt":"2024-10-09T17:53:26","guid":{"rendered":"https:\/\/www.farmaciaimp.com\/?page_id=429"},"modified":"2024-10-10T11:07:56","modified_gmt":"2024-10-10T09:07:56","slug":"avis-legal","status":"publish","type":"page","link":"https:\/\/www.farmaciaimp.com\/es\/avis-legal\/","title":{"rendered":"Aviso legal"},"content":{"rendered":"<h4>Informaci\u00f3n de conformidad con el art\u00edculo 10 de la LSSI<\/h4>\n<h3>El titular de esta web es:<\/h3>\n<p>Identidad: <strong>Farmacia Irene Mu\u00f1oz Puig<\/strong><br \/>\nNIF: <strong>77917676R<\/strong><br \/>\nDirecci\u00f3n: <strong>Calle Hospital, 48 | 17257 Torroella de Montgr\u00ed. Girona.<br \/>\n<\/strong>Tel\u00e9fono: <strong>972 75 82 80<br \/>\n<\/strong>Correo electr\u00f3nico<strong>:<\/strong> <a href=\"mailto:farmaciairenemp@gmail.com\"><strong>farmaciairenemp@gmail.com<\/strong><\/a><\/p>\n<h3>Condiciones de uso<\/h3>\n<p style=\"text-align: justify;\">El uso de esta web implica la aceptaci\u00f3n plena de los t\u00e9rminos y condiciones del presente aviso legal. Los posibles conflictos relativos a esta web se regir\u00e1n exclusivamente por el derecho del Estado espa\u00f1ol. Toda persona usuaria de la web, independientemente de la jurisdicci\u00f3n territorial desde la que se produzca su acceso, acepta el cumplimiento y respeto de estas cl\u00e1usulas con renuncia expresa a cualquier otro fuero que pudiera corresponderle.<\/p>\n<h3>Propiedad intelectual e industrial<\/h3>\n<p style=\"text-align: justify;\">La totalidad del contenido de este sitio web, ya sean textos, im\u00e1genes, sonidos, marcas, logotipos u otros elementos, as\u00ed como subestructura, dise\u00f1o, combinaciones de colores o forma de presentaci\u00f3n de los materiales, est\u00e1n protegidos por derechos de propiedad industrial e intelectual que el usuario de este sitio web debe respetar. No es l\u00edcita su transformaci\u00f3n o alteraci\u00f3n, comunicaci\u00f3n p\u00fablica o cualquier otra forma de explotaci\u00f3n por cualquier procedimiento sin la autorizaci\u00f3n expresa de <strong>Farmacia Irene Mu\u00f1oz Puig<\/strong>.<\/p>\n<h3>Responsabilidad sobre los contenidos<\/h3>\n<p style=\"text-align: justify;\">Aunque\u00a0<strong>Farmacia Irene Mu\u00f1oz Puig<\/strong> act\u00faa con la m\u00e1xima diligencia posible, puede darse el caso de que alg\u00fan dato o informaci\u00f3n no est\u00e9 del todo actualizada en el momento que el usuario del sitio web lo consulte. Por ello, las informaciones que se presentan en esta web tienen una funci\u00f3n orientativa y no obligan a <strong>Farmacia Irene Mu\u00f1oz Puig<\/strong>.<\/p>\n<p style=\"text-align: justify;\"><strong>Farmacia Irene Mu\u00f1oz Puig<\/strong>\u00a0no ser\u00e1 responsable de la informaci\u00f3n que se pueda obtener a trav\u00e9s de enlaces incluidos en su web.<\/p>\n<p style=\"text-align: justify;\"><strong>Farmacia Irene Mu\u00f1oz Puig<\/strong>\u00a0se reserva la facultad de realizar, en cualquier momento y sin necesidad de preaviso, modificaciones o actualizaciones de la informaci\u00f3n y de cualquiera de los elementos que integren el dise\u00f1o y configuraci\u00f3n de la p\u00e1gina web.<\/p>\n<h3>Ley aplicable y jurisdicci\u00f3n<\/h3>\n<p style=\"text-align: justify;\">El uso de este sitio web implica la aceptaci\u00f3n plena de los t\u00e9rminos y condiciones de la presente pol\u00edtica legal. Los posibles conflictos relativos a esta web se regir\u00e1n exclusivamente por la legislaci\u00f3n espa\u00f1ola, siendo competentes los Juzgados y Tribunales espa\u00f1oles para conocer de cuantas cuestiones se susciten sobre ella. El usuario, por virtud de su aceptaci\u00f3n renuncia expresamente a cualquier fuero que por aplicaci\u00f3n de la Ley de Enjuiciamiento Civil vigente pudiera corresponderle.<\/p>","protected":false},"excerpt":{"rendered":"<p>Informaci\u00f3 de Conformitat amb l&#8217;article 10 de la LSSI El titular d&#8217;aquesta web \u00e9s: Identitat: Farm\u00e0cia Irene Mu\u00f1oz Puig NIF: 77917676R Adre\u00e7a: Carrer Hospital, 48 | 17257 Torroella de Montgr\u00ed. Girona. Tel\u00e8fon: 972 75 82 80 Correu electr\u00f2nic: farmaciairenemp@gmail.com Condicions d&#8217;\u00fas L&#8217;\u00fas d&#8217;aquest web implica l&#8217;acceptaci\u00f3 plena dels termes i condicions del present av\u00eds legal.<br \/><a class=\"moretag\" href=\"https:\/\/www.farmaciaimp.com\/es\/avis-legal\/\">+ Read More<\/a><\/p>","protected":false},"author":1,"featured_media":0,"parent":0,"menu_order":0,"comment_status":"closed","ping_status":"closed","template":"templates\/page-fullwidth_template.php","meta":{"footnotes":""},"class_list":["post-429","page","type-page","status-publish","hentry"],"_links":{"self":[{"href":"https:\/\/www.farmaciaimp.com\/es\/wp-json\/wp\/v2\/pages\/429","targetHints":{"allow":["GET"]}}],"collection":[{"href":"https:\/\/www.farmaciaimp.com\/es\/wp-json\/wp\/v2\/pages"}],"about":[{"href":"https:\/\/www.farmaciaimp.com\/es\/wp-json\/wp\/v2\/types\/page"}],"author":[{"embeddable":true,"href":"https:\/\/www.farmaciaimp.com\/es\/wp-json\/wp\/v2\/users\/1"}],"replies":[{"embeddable":true,"href":"https:\/\/www.farmaciaimp.com\/es\/wp-json\/wp\/v2\/comments?post=429"}],"version-history":[{"count":0,"href":"https:\/\/www.farmaciaimp.com\/es\/wp-json\/wp\/v2\/pages\/429\/revisions"}],"wp:attachment":[{"href":"https:\/\/www.farmaciaimp.com\/es\/wp-json\/wp\/v2\/media?parent=429"}],"curies":[{"name":"wp","href":"https:\/\/api.w.org\/{rel}","templated":true}]}}